{"id":108,"date":"2017-03-30T03:43:57","date_gmt":"2017-03-30T03:43:57","guid":{"rendered":"http:\/\/www.ancorseguros.cl\/ancorseguros\/?page_id=108"},"modified":"2017-04-17T17:32:43","modified_gmt":"2017-04-17T17:32:43","slug":"condominio","status":"publish","type":"page","link":"https:\/\/www.ancorseguros.cl\/ancorseguros\/condominio\/","title":{"rendered":"Condominio"},"content":{"rendered":"<script data-cfasync=\"false\" type=\"text\/javascript\">var lsjQuery = jQuery;<\/script><script data-cfasync=\"false\" type=\"text\/javascript\">\r\nlsjQuery(document).ready(function() {\r\nif(typeof lsjQuery.fn.layerSlider == \"undefined\") {\r\nif( window._layerSlider && window._layerSlider.showNotice) { \r\nwindow._layerSlider.showNotice('layerslider_4','jquery');\r\n}\r\n} else {\r\nlsjQuery(\"#layerslider_4\").layerSlider({sliderVersion: '6.1.6', navStartStop: false, navButtons: false, showCircleTimer: false, skinsPath: 'https:\/\/www.ancorseguros.cl\/ancorseguros\/wp-content\/plugins\/LayerSlider\/static\/layerslider\/skins\/'});\r\n}\r\n});\r\n<\/script><div id=\"layerslider_4\" class=\"ls-wp-container fitvidsignore\" style=\"width:1280px;height:300px;margin:0 auto;margin-bottom: 0px;\"><div class=\"ls-slide\" data-ls=\"duration:1000;kenburnsscale:1.2;\"><img width=\"1400\" height=\"300\" src=\"https:\/\/www.ancorseguros.cl\/ancorseguros\/wp-content\/uploads\/2017\/04\/slide-interior07.jpg\" class=\"ls-bg\" alt=\"\" loading=\"lazy\" srcset=\"https:\/\/www.ancorseguros.cl\/ancorseguros\/wp-content\/uploads\/2017\/04\/slide-interior07.jpg 1400w, https:\/\/www.ancorseguros.cl\/ancorseguros\/wp-content\/uploads\/2017\/04\/slide-interior07-300x64.jpg 300w, https:\/\/www.ancorseguros.cl\/ancorseguros\/wp-content\/uploads\/2017\/04\/slide-interior07-768x165.jpg 768w, https:\/\/www.ancorseguros.cl\/ancorseguros\/wp-content\/uploads\/2017\/04\/slide-interior07-1024x219.jpg 1024w\" sizes=\"(max-width: 1400px) 100vw, 1400px\" \/><\/div><div class=\"ls-slide\" data-ls=\"duration:1000;kenburnsscale:1.2;\"><img width=\"1400\" height=\"300\" src=\"https:\/\/www.ancorseguros.cl\/ancorseguros\/wp-content\/uploads\/2017\/04\/slide-interior01.jpg\" class=\"ls-bg\" alt=\"somos 100% seguros\" loading=\"lazy\" srcset=\"https:\/\/www.ancorseguros.cl\/ancorseguros\/wp-content\/uploads\/2017\/04\/slide-interior01.jpg 1400w, https:\/\/www.ancorseguros.cl\/ancorseguros\/wp-content\/uploads\/2017\/04\/slide-interior01-300x64.jpg 300w, https:\/\/www.ancorseguros.cl\/ancorseguros\/wp-content\/uploads\/2017\/04\/slide-interior01-768x165.jpg 768w, https:\/\/www.ancorseguros.cl\/ancorseguros\/wp-content\/uploads\/2017\/04\/slide-interior01-1024x219.jpg 1024w\" sizes=\"(max-width: 1400px) 100vw, 1400px\" \/><\/div><\/div>\n<h1><span style=\"color: #800080;\"><strong>Seguro Condominio<\/strong><\/span><\/h1>\n<p>Este exclusivo seguro se ha dise\u00f1ado para cubrir las necesidades de las administraciones de edificios, de car\u00e1cter habitacional, las cuales requieren cumplir con la ley 19537 de protecci\u00f3n de los espacios comunes y unidades individuales contra el riesgo de incendio y sus adicionales.<\/p>\n<p><span style=\"color: #800080;\">Coberturas:<\/span><br \/>\nIncendio<\/p>\n<p><span style=\"color: #800080;\">Riesgos Pol\u00edticos:<\/span><\/p>\n<ul>\n<li>Incendio y da\u00f1os materiales a consecuencia directa de huelga, saqueo o desorden popular.<\/li>\n<li>Incendio y explosi\u00f3n a consecuencia directa de huelga, desorden popular o actos terroristas<\/li>\n<li>Riesgos de la naturaleza:\n<ul>\n<li>Da\u00f1os materiales causados por avalanchas, aluviones y deslizamientos.<\/li>\n<li>Da\u00f1os materiales causados por peso de nieve o hielo<\/li>\n<li>Incendio a consecuencia de fen\u00f3menos de la naturaleza, excepto sismo.<\/li>\n<li>Da\u00f1os materiales causados por viento, innundaciones y desordenamiento de cauces.<\/li>\n<li>Da\u00f1os materiales causados por salida de mar<\/li>\n<\/ul>\n<\/li>\n<\/ul>\n<p><span style=\"color: #800080;\">Otros Adicionales:<\/span><\/p>\n<ul>\n<li>Da\u00f1os materiales causados por aeronave.<\/li>\n<li>Da\u00f1os materiales causados por veh\u00edculos motorizados.<\/li>\n<li>Da\u00f1os materiales causados por rotura de ca\u00f1erias o desbordamiento de estanques matrices.<\/li>\n<li>Da\u00f1os materiales causados por explosi\u00f3n.<\/li>\n<li>Colapso de edificio.<\/li>\n<li>Remoci\u00f3n de escombros.<\/li>\n<\/ul>\n<p>&nbsp;<\/p>\n","protected":false},"excerpt":{"rendered":"<p>Seguro Condominio Este exclusivo seguro se ha dise\u00f1ado para cubrir las necesidades de las administraciones de edificios, de car\u00e1cter habitacional, las cuales requieren cumplir con la ley 19537 de protecci\u00f3n de los espacios comunes y unidades individuales contra el riesgo de incendio y sus adicionales. Coberturas: Incendio Riesgos Pol\u00edticos: Incendio y da\u00f1os materiales a consecuencia [&hellip;]<\/p>\n","protected":false},"author":1,"featured_media":0,"parent":0,"menu_order":0,"comment_status":"closed","ping_status":"closed","template":"","meta":[],"_links":{"self":[{"href":"https:\/\/www.ancorseguros.cl\/ancorseguros\/wp-json\/wp\/v2\/pages\/108"}],"collection":[{"href":"https:\/\/www.ancorseguros.cl\/ancorseguros\/wp-json\/wp\/v2\/pages"}],"about":[{"href":"https:\/\/www.ancorseguros.cl\/ancorseguros\/wp-json\/wp\/v2\/types\/page"}],"author":[{"embeddable":true,"href":"https:\/\/www.ancorseguros.cl\/ancorseguros\/wp-json\/wp\/v2\/users\/1"}],"replies":[{"embeddable":true,"href":"https:\/\/www.ancorseguros.cl\/ancorseguros\/wp-json\/wp\/v2\/comments?post=108"}],"version-history":[{"count":7,"href":"https:\/\/www.ancorseguros.cl\/ancorseguros\/wp-json\/wp\/v2\/pages\/108\/revisions"}],"predecessor-version":[{"id":234,"href":"https:\/\/www.ancorseguros.cl\/ancorseguros\/wp-json\/wp\/v2\/pages\/108\/revisions\/234"}],"wp:attachment":[{"href":"https:\/\/www.ancorseguros.cl\/ancorseguros\/wp-json\/wp\/v2\/media?parent=108"}],"curies":[{"name":"wp","href":"https:\/\/api.w.org\/{rel}","templated":true}]}}