{"id":110,"date":"2017-03-30T03:46:48","date_gmt":"2017-03-30T03:46:48","guid":{"rendered":"http:\/\/www.ancorseguros.cl\/ancorseguros\/?page_id=110"},"modified":"2017-04-17T17:34:08","modified_gmt":"2017-04-17T17:34:08","slug":"electronicos","status":"publish","type":"page","link":"https:\/\/www.ancorseguros.cl\/ancorseguros\/electronicos\/","title":{"rendered":"Electronicos"},"content":{"rendered":"<script data-cfasync=\"false\" type=\"text\/javascript\">var lsjQuery = jQuery;<\/script><script data-cfasync=\"false\" type=\"text\/javascript\">\r\nlsjQuery(document).ready(function() {\r\nif(typeof lsjQuery.fn.layerSlider == \"undefined\") {\r\nif( window._layerSlider && window._layerSlider.showNotice) { \r\nwindow._layerSlider.showNotice('layerslider_3','jquery');\r\n}\r\n} else {\r\nlsjQuery(\"#layerslider_3\").layerSlider({sliderVersion: '6.1.6', navStartStop: false, navButtons: false, showCircleTimer: false, skinsPath: 'https:\/\/www.ancorseguros.cl\/ancorseguros\/wp-content\/plugins\/LayerSlider\/static\/layerslider\/skins\/'});\r\n}\r\n});\r\n<\/script><div id=\"layerslider_3\" class=\"ls-wp-container fitvidsignore\" style=\"width:1280px;height:300px;margin:0 auto;margin-bottom: 0px;\"><div class=\"ls-slide\" data-ls=\"duration:1000;kenburnsscale:1.2;\"><img width=\"1400\" height=\"300\" src=\"https:\/\/www.ancorseguros.cl\/ancorseguros\/wp-content\/uploads\/2017\/04\/slide-interior04.jpg\" class=\"ls-bg\" alt=\"Seguro electronicos\" loading=\"lazy\" srcset=\"https:\/\/www.ancorseguros.cl\/ancorseguros\/wp-content\/uploads\/2017\/04\/slide-interior04.jpg 1400w, https:\/\/www.ancorseguros.cl\/ancorseguros\/wp-content\/uploads\/2017\/04\/slide-interior04-300x64.jpg 300w, https:\/\/www.ancorseguros.cl\/ancorseguros\/wp-content\/uploads\/2017\/04\/slide-interior04-768x165.jpg 768w, https:\/\/www.ancorseguros.cl\/ancorseguros\/wp-content\/uploads\/2017\/04\/slide-interior04-1024x219.jpg 1024w\" sizes=\"(max-width: 1400px) 100vw, 1400px\" \/><\/div><div class=\"ls-slide\" data-ls=\"duration:1000;kenburnsscale:1.2;\"><img width=\"1400\" height=\"300\" src=\"https:\/\/www.ancorseguros.cl\/ancorseguros\/wp-content\/uploads\/2017\/04\/slide-interior01.jpg\" class=\"ls-bg\" alt=\"somos 100% seguros\" loading=\"lazy\" srcset=\"https:\/\/www.ancorseguros.cl\/ancorseguros\/wp-content\/uploads\/2017\/04\/slide-interior01.jpg 1400w, https:\/\/www.ancorseguros.cl\/ancorseguros\/wp-content\/uploads\/2017\/04\/slide-interior01-300x64.jpg 300w, https:\/\/www.ancorseguros.cl\/ancorseguros\/wp-content\/uploads\/2017\/04\/slide-interior01-768x165.jpg 768w, https:\/\/www.ancorseguros.cl\/ancorseguros\/wp-content\/uploads\/2017\/04\/slide-interior01-1024x219.jpg 1024w\" sizes=\"(max-width: 1400px) 100vw, 1400px\" \/><\/div><div class=\"ls-slide\" data-ls=\"duration:1000;kenburnsscale:1.2;\"><img width=\"1400\" height=\"300\" src=\"https:\/\/www.ancorseguros.cl\/ancorseguros\/wp-content\/uploads\/2017\/04\/slide-interior08.jpg\" class=\"ls-bg\" alt=\"\" loading=\"lazy\" srcset=\"https:\/\/www.ancorseguros.cl\/ancorseguros\/wp-content\/uploads\/2017\/04\/slide-interior08.jpg 1400w, https:\/\/www.ancorseguros.cl\/ancorseguros\/wp-content\/uploads\/2017\/04\/slide-interior08-300x64.jpg 300w, https:\/\/www.ancorseguros.cl\/ancorseguros\/wp-content\/uploads\/2017\/04\/slide-interior08-768x165.jpg 768w, https:\/\/www.ancorseguros.cl\/ancorseguros\/wp-content\/uploads\/2017\/04\/slide-interior08-1024x219.jpg 1024w\" sizes=\"(max-width: 1400px) 100vw, 1400px\" \/><\/div><\/div>\n<h1><span style=\"color: #800080;\"><strong>Seguro Equipos Electr\u00f3nicos<\/strong><\/span><\/h1>\n<p><strong>Descripci\u00f3n<br \/>\n<\/strong>Este producto asegura los Equipos Electr\u00f3nicos de uso particular o comercial (equipos de computaci\u00f3n, comunicaciones, medici\u00f3n, equipos m\u00e9dicos y otros), contra da\u00f1o f\u00edsicos.<\/p>\n<p><strong>Cobertura<br \/>\n<\/strong>Cualquier Da\u00f1o o P\u00e9rdida como consecuencia de un accidente imprevisto y repentino cuyo origen sea alguna de las siguientes causas:<\/p>\n<p><strong>Las coberturas de este producto est\u00e1n enfocadas en la protecci\u00f3n contra:<\/strong><\/p>\n<ul>\n<li>Incendio y da\u00f1os de la naturaleza, Terremoto, Rotura de cristales y de ca\u00f1er\u00edas, Robo, Responsabilidad Civil del propietario o arrendatario del inmueble y Accidentes Personales.<\/li>\n<li>Falta de cuidado, manejo defectuoso o negligencia del respectivo operador Incendio, rayo y explosi\u00f3n, incluyendo los da\u00f1os que se originen en operaciones de extinci\u00f3n y salvamento.<\/li>\n<li>Chamuscamiento, humo, holl\u00edn y calcinaci\u00f3n de la red de cables siempre que esta forme parte de la suma asegurada.<\/li>\n<li>Cualquier influencia de agua y de humedad, as\u00ed como la corrosi\u00f3n resultante, siempre que no provenga de condiciones atmosf\u00e9ricas normales.<\/li>\n<li>Corto circuito, sobre tensi\u00f3n e inducci\u00f3n.<\/li>\n<li>Cualquier influencia de gases, l\u00edquidos y polvos corrosivos siempre que no se trate de deterioros graduales.<\/li>\n<li>Robos, y los da\u00f1os causados por la perpetraci\u00f3n de dicho delito, en cualquiera de sus grados de consumado, frustrado o tentativa.<\/li>\n<li>Tempestad, inundaci\u00f3n, granizo, hundimiento de terreno, deslizamiento de tierra, ca\u00edda de rocas y en general cualquier fen\u00f3meno de la naturaleza excepto sismo.<\/li>\n<\/ul>\n","protected":false},"excerpt":{"rendered":"<p>Seguro Equipos Electr\u00f3nicos Descripci\u00f3n Este producto asegura los Equipos Electr\u00f3nicos de uso particular o comercial (equipos de computaci\u00f3n, comunicaciones, medici\u00f3n, equipos m\u00e9dicos y otros), contra da\u00f1o f\u00edsicos. Cobertura Cualquier Da\u00f1o o P\u00e9rdida como consecuencia de un accidente imprevisto y repentino cuyo origen sea alguna de las siguientes causas: Las coberturas de este producto est\u00e1n enfocadas [&hellip;]<\/p>\n","protected":false},"author":1,"featured_media":0,"parent":0,"menu_order":0,"comment_status":"closed","ping_status":"closed","template":"","meta":[],"_links":{"self":[{"href":"https:\/\/www.ancorseguros.cl\/ancorseguros\/wp-json\/wp\/v2\/pages\/110"}],"collection":[{"href":"https:\/\/www.ancorseguros.cl\/ancorseguros\/wp-json\/wp\/v2\/pages"}],"about":[{"href":"https:\/\/www.ancorseguros.cl\/ancorseguros\/wp-json\/wp\/v2\/types\/page"}],"author":[{"embeddable":true,"href":"https:\/\/www.ancorseguros.cl\/ancorseguros\/wp-json\/wp\/v2\/users\/1"}],"replies":[{"embeddable":true,"href":"https:\/\/www.ancorseguros.cl\/ancorseguros\/wp-json\/wp\/v2\/comments?post=110"}],"version-history":[{"count":5,"href":"https:\/\/www.ancorseguros.cl\/ancorseguros\/wp-json\/wp\/v2\/pages\/110\/revisions"}],"predecessor-version":[{"id":235,"href":"https:\/\/www.ancorseguros.cl\/ancorseguros\/wp-json\/wp\/v2\/pages\/110\/revisions\/235"}],"wp:attachment":[{"href":"https:\/\/www.ancorseguros.cl\/ancorseguros\/wp-json\/wp\/v2\/media?parent=110"}],"curies":[{"name":"wp","href":"https:\/\/api.w.org\/{rel}","templated":true}]}}