{"id":114,"date":"2017-03-30T03:52:44","date_gmt":"2017-03-30T03:52:44","guid":{"rendered":"http:\/\/www.ancorseguros.cl\/ancorseguros\/?page_id=114"},"modified":"2017-04-17T17:37:52","modified_gmt":"2017-04-17T17:37:52","slug":"hogar","status":"publish","type":"page","link":"https:\/\/www.ancorseguros.cl\/ancorseguros\/hogar\/","title":{"rendered":"Hogar"},"content":{"rendered":"<script data-cfasync=\"false\" type=\"text\/javascript\">var lsjQuery = jQuery;<\/script><script data-cfasync=\"false\" type=\"text\/javascript\">\r\nlsjQuery(document).ready(function() {\r\nif(typeof lsjQuery.fn.layerSlider == \"undefined\") {\r\nif( window._layerSlider && window._layerSlider.showNotice) { \r\nwindow._layerSlider.showNotice('layerslider_4','jquery');\r\n}\r\n} else {\r\nlsjQuery(\"#layerslider_4\").layerSlider({sliderVersion: '6.1.6', navStartStop: false, navButtons: false, showCircleTimer: false, skinsPath: 'https:\/\/www.ancorseguros.cl\/ancorseguros\/wp-content\/plugins\/LayerSlider\/static\/layerslider\/skins\/'});\r\n}\r\n});\r\n<\/script><div id=\"layerslider_4\" class=\"ls-wp-container fitvidsignore\" style=\"width:1280px;height:300px;margin:0 auto;margin-bottom: 0px;\"><div class=\"ls-slide\" data-ls=\"duration:1000;kenburnsscale:1.2;\"><img width=\"1400\" height=\"300\" src=\"https:\/\/www.ancorseguros.cl\/ancorseguros\/wp-content\/uploads\/2017\/04\/slide-interior07.jpg\" class=\"ls-bg\" alt=\"\" loading=\"lazy\" srcset=\"https:\/\/www.ancorseguros.cl\/ancorseguros\/wp-content\/uploads\/2017\/04\/slide-interior07.jpg 1400w, https:\/\/www.ancorseguros.cl\/ancorseguros\/wp-content\/uploads\/2017\/04\/slide-interior07-300x64.jpg 300w, https:\/\/www.ancorseguros.cl\/ancorseguros\/wp-content\/uploads\/2017\/04\/slide-interior07-768x165.jpg 768w, https:\/\/www.ancorseguros.cl\/ancorseguros\/wp-content\/uploads\/2017\/04\/slide-interior07-1024x219.jpg 1024w\" sizes=\"(max-width: 1400px) 100vw, 1400px\" \/><\/div><div class=\"ls-slide\" data-ls=\"duration:1000;kenburnsscale:1.2;\"><img width=\"1400\" height=\"300\" src=\"https:\/\/www.ancorseguros.cl\/ancorseguros\/wp-content\/uploads\/2017\/04\/slide-interior01.jpg\" class=\"ls-bg\" alt=\"somos 100% seguros\" loading=\"lazy\" srcset=\"https:\/\/www.ancorseguros.cl\/ancorseguros\/wp-content\/uploads\/2017\/04\/slide-interior01.jpg 1400w, https:\/\/www.ancorseguros.cl\/ancorseguros\/wp-content\/uploads\/2017\/04\/slide-interior01-300x64.jpg 300w, https:\/\/www.ancorseguros.cl\/ancorseguros\/wp-content\/uploads\/2017\/04\/slide-interior01-768x165.jpg 768w, https:\/\/www.ancorseguros.cl\/ancorseguros\/wp-content\/uploads\/2017\/04\/slide-interior01-1024x219.jpg 1024w\" sizes=\"(max-width: 1400px) 100vw, 1400px\" \/><\/div><\/div>\n<h1><span style=\"color: #800080;\"><strong>Seguro Hogar<\/strong><\/span><\/h1>\n<p><strong>Coberturas:<\/strong><\/p>\n<p>Incendio para Edificio y\/o Contenido, incluyendo:<\/p>\n<ul>\n<li>Robo con fuerza en las cosas.<\/li>\n<li>Rotura de cristales.<\/li>\n<li>Responsabilidad Civil Familiar.<\/li>\n<li>Accidentes Personales.<\/li>\n<\/ul>\n<p><strong>Coberturas Opcionales:<\/strong><\/p>\n<ul>\n<li>Colapso de Edificio<\/li>\n<li>Da\u00f1os F\u00edsicos a consecuencia directa de huelga, desorden popular o actos maliciosos<\/li>\n<li>Da\u00f1os f\u00edsicos causados por salida de mar<\/li>\n<li>Da\u00f1os f\u00edsicos causados por sismo<\/li>\n<li>Da\u00f1os f\u00edsicos causados por veh\u00edculos motorizados<\/li>\n<li>Da\u00f1os materiales causados por explosi\u00f3n<\/li>\n<li>Da\u00f1os materiales causados por peso de nieve o hielo<\/li>\n<li>Da\u00f1os materiales causados por viento, inundaci\u00f3n y desbordamiento de causes<\/li>\n<li>Da\u00f1os por avalanchas, aluviones y deslizamientos<\/li>\n<li>Da\u00f1os por saqueo durante huelga, desorden popular o actos terroristas<\/li>\n<li>Hogar Asistencia<\/li>\n<li>Incendio a consecuencia de sismo<\/li>\n<li>Incendio y explosi\u00f3n a consecuencia directa de huelga, desorden popular<\/li>\n<li>Incendios por fen\u00f3menos de la naturaleza, excepto sismo<\/li>\n<li>Remoci\u00f3n de escombros<\/li>\n<li>Robo con violencia en las personas<\/li>\n<li>Roturas de ca\u00f1er\u00edas<\/li>\n<li>Da\u00f1os f\u00edsicos causados por aeronaves<\/li>\n<\/ul>\n","protected":false},"excerpt":{"rendered":"<p>Seguro Hogar Coberturas: Incendio para Edificio y\/o Contenido, incluyendo: Robo con fuerza en las cosas. Rotura de cristales. Responsabilidad Civil Familiar. Accidentes Personales. Coberturas Opcionales: Colapso de Edificio Da\u00f1os F\u00edsicos a consecuencia directa de huelga, desorden popular o actos maliciosos Da\u00f1os f\u00edsicos causados por salida de mar Da\u00f1os f\u00edsicos causados por sismo Da\u00f1os f\u00edsicos causados [&hellip;]<\/p>\n","protected":false},"author":1,"featured_media":0,"parent":0,"menu_order":0,"comment_status":"closed","ping_status":"closed","template":"","meta":[],"_links":{"self":[{"href":"https:\/\/www.ancorseguros.cl\/ancorseguros\/wp-json\/wp\/v2\/pages\/114"}],"collection":[{"href":"https:\/\/www.ancorseguros.cl\/ancorseguros\/wp-json\/wp\/v2\/pages"}],"about":[{"href":"https:\/\/www.ancorseguros.cl\/ancorseguros\/wp-json\/wp\/v2\/types\/page"}],"author":[{"embeddable":true,"href":"https:\/\/www.ancorseguros.cl\/ancorseguros\/wp-json\/wp\/v2\/users\/1"}],"replies":[{"embeddable":true,"href":"https:\/\/www.ancorseguros.cl\/ancorseguros\/wp-json\/wp\/v2\/comments?post=114"}],"version-history":[{"count":5,"href":"https:\/\/www.ancorseguros.cl\/ancorseguros\/wp-json\/wp\/v2\/pages\/114\/revisions"}],"predecessor-version":[{"id":178,"href":"https:\/\/www.ancorseguros.cl\/ancorseguros\/wp-json\/wp\/v2\/pages\/114\/revisions\/178"}],"wp:attachment":[{"href":"https:\/\/www.ancorseguros.cl\/ancorseguros\/wp-json\/wp\/v2\/media?parent=114"}],"curies":[{"name":"wp","href":"https:\/\/api.w.org\/{rel}","templated":true}]}}