{"id":116,"date":"2017-03-30T03:56:16","date_gmt":"2017-03-30T03:56:16","guid":{"rendered":"http:\/\/www.ancorseguros.cl\/ancorseguros\/?page_id=116"},"modified":"2017-04-17T21:08:58","modified_gmt":"2017-04-17T21:08:58","slug":"pyme","status":"publish","type":"page","link":"https:\/\/www.ancorseguros.cl\/ancorseguros\/pyme\/","title":{"rendered":"Pyme"},"content":{"rendered":"<h1><span style=\"color: #800080;\"><strong>Seguro Pyme<\/strong><\/span><\/h1>\n<p><span style=\"color: #800080;\">Seguro Integral PYMES entrega una soluci\u00f3n \u00fanica para tu negocio:<\/span><\/p>\n<p><span style=\"color: #800080;\">Seguro de Incendio:<br \/>\n<\/span>Con cobertura a instalaciones y contenidos, de bienes que sean propiedad de terceros, as\u00ed como las pertenencias de tus empleados.<\/p>\n<p><span style=\"color: #800080;\">SUMA COBERTURAS ADICIONALES Y ARMA EL SEGURO QUE MEJOR LE QUEDE A TU NEGOCIO<\/span><\/p>\n<p>Coberturas Adicionales para proteger los factores productivos propios de tu negocio.<\/p>\n<ul>\n<li>Sismo-adicional, Seguro de Incendio: Cubre el incendio y da\u00f1os en tu empresa, producto de un sismo.<\/li>\n<li>Rotura de Cristales: R\u00e1pida respuesta por da\u00f1o en cristales, vidrios, espejos y letreros.<\/li>\n<li>Responsabilidad Civil: Si un tercero sufre una lesi\u00f3n, si sus cosas sufren alg\u00fan da\u00f1o o si un empleado sufre un accidente del trabajo o en su trayecto.<\/li>\n<li>Seguro de perjuicio por paralizaci\u00f3n: En caso de da\u00f1os que interrumpan el proceso productivo de tu negocio, reembolsa los beneficios, gastos fijos y utilidades.<\/li>\n<li>Robo con fuerza: Te ayuda a reponer instalaciones, maquinarias, mercader\u00edas, contenidos y dineros en cajas de seguridad.<\/li>\n<li>Seguro de Remesa de Valores: Asegura el dinero e instrumentos financieros transportados desde y hacia tu empresa.<\/li>\n<li>Seguro de Equipos Electr\u00f3nicos: Prejuicios financieros que puede causar la p\u00e9rdida o da\u00f1o de equipo especializado.<\/li>\n<\/ul>\n<p><strong>Al contar con una soluci\u00f3n combinada podr\u00e1s ahorrar los costos de contratar diferentes seguros. Su amplia cobertura incluye adem\u00e1s, protecci\u00f3n a tus empleados y sus bienes, lo que incrementa la lealtad de tus empleados, as\u00ed como asesor\u00eda en demanda y juicios legales.<\/strong><\/p>\n<p>&nbsp;<\/p>\n<p>&nbsp;<\/p>\n","protected":false},"excerpt":{"rendered":"<p>Seguro Pyme Seguro Integral PYMES entrega una soluci\u00f3n \u00fanica para tu negocio: Seguro de Incendio: Con cobertura a instalaciones y contenidos, de bienes que sean propiedad de terceros, as\u00ed como las pertenencias de tus empleados. SUMA COBERTURAS ADICIONALES Y ARMA EL SEGURO QUE MEJOR LE QUEDE A TU NEGOCIO Coberturas Adicionales para proteger los factores [&hellip;]<\/p>\n","protected":false},"author":1,"featured_media":0,"parent":0,"menu_order":0,"comment_status":"closed","ping_status":"closed","template":"","meta":[],"_links":{"self":[{"href":"https:\/\/www.ancorseguros.cl\/ancorseguros\/wp-json\/wp\/v2\/pages\/116"}],"collection":[{"href":"https:\/\/www.ancorseguros.cl\/ancorseguros\/wp-json\/wp\/v2\/pages"}],"about":[{"href":"https:\/\/www.ancorseguros.cl\/ancorseguros\/wp-json\/wp\/v2\/types\/page"}],"author":[{"embeddable":true,"href":"https:\/\/www.ancorseguros.cl\/ancorseguros\/wp-json\/wp\/v2\/users\/1"}],"replies":[{"embeddable":true,"href":"https:\/\/www.ancorseguros.cl\/ancorseguros\/wp-json\/wp\/v2\/comments?post=116"}],"version-history":[{"count":7,"href":"https:\/\/www.ancorseguros.cl\/ancorseguros\/wp-json\/wp\/v2\/pages\/116\/revisions"}],"predecessor-version":[{"id":279,"href":"https:\/\/www.ancorseguros.cl\/ancorseguros\/wp-json\/wp\/v2\/pages\/116\/revisions\/279"}],"wp:attachment":[{"href":"https:\/\/www.ancorseguros.cl\/ancorseguros\/wp-json\/wp\/v2\/media?parent=116"}],"curies":[{"name":"wp","href":"https:\/\/api.w.org\/{rel}","templated":true}]}}