{"id":122,"date":"2017-03-30T04:05:42","date_gmt":"2017-03-30T04:05:42","guid":{"rendered":"http:\/\/www.ancorseguros.cl\/ancorseguros\/?page_id=122"},"modified":"2017-04-17T21:28:19","modified_gmt":"2017-04-17T21:28:19","slug":"transporte","status":"publish","type":"page","link":"https:\/\/www.ancorseguros.cl\/ancorseguros\/transporte\/","title":{"rendered":"Transporte"},"content":{"rendered":"<script data-cfasync=\"false\" type=\"text\/javascript\">var lsjQuery = jQuery;<\/script><script data-cfasync=\"false\" type=\"text\/javascript\">\r\nlsjQuery(document).ready(function() {\r\nif(typeof lsjQuery.fn.layerSlider == \"undefined\") {\r\nif( window._layerSlider && window._layerSlider.showNotice) { \r\nwindow._layerSlider.showNotice('layerslider_2','jquery');\r\n}\r\n} else {\r\nlsjQuery(\"#layerslider_2\").layerSlider({sliderVersion: '6.1.6', navPrevNext: false, navStartStop: false, skinsPath: 'https:\/\/www.ancorseguros.cl\/ancorseguros\/wp-content\/plugins\/LayerSlider\/static\/layerslider\/skins\/'});\r\n}\r\n});\r\n<\/script><div id=\"layerslider_2\" class=\"ls-wp-container fitvidsignore\" style=\"width:1280px;height:300px;margin:0 auto;margin-bottom: 0px;\"><div class=\"ls-slide\" data-ls=\"duration:2000;kenburnsscale:1.2;\"><img width=\"1400\" height=\"300\" src=\"https:\/\/www.ancorseguros.cl\/ancorseguros\/wp-content\/uploads\/2017\/04\/slide-interior10.jpg\" class=\"ls-bg\" alt=\"seguro transporte\" loading=\"lazy\" srcset=\"https:\/\/www.ancorseguros.cl\/ancorseguros\/wp-content\/uploads\/2017\/04\/slide-interior10.jpg 1400w, https:\/\/www.ancorseguros.cl\/ancorseguros\/wp-content\/uploads\/2017\/04\/slide-interior10-300x64.jpg 300w, https:\/\/www.ancorseguros.cl\/ancorseguros\/wp-content\/uploads\/2017\/04\/slide-interior10-768x165.jpg 768w, https:\/\/www.ancorseguros.cl\/ancorseguros\/wp-content\/uploads\/2017\/04\/slide-interior10-1024x219.jpg 1024w\" sizes=\"(max-width: 1400px) 100vw, 1400px\" \/><\/div><div class=\"ls-slide\" data-ls=\"duration:2000;kenburnsscale:1.2;\"><img width=\"1400\" height=\"300\" src=\"https:\/\/www.ancorseguros.cl\/ancorseguros\/wp-content\/uploads\/2017\/04\/slide-interior02.jpg\" class=\"ls-bg\" alt=\"\" loading=\"lazy\" srcset=\"https:\/\/www.ancorseguros.cl\/ancorseguros\/wp-content\/uploads\/2017\/04\/slide-interior02.jpg 1400w, https:\/\/www.ancorseguros.cl\/ancorseguros\/wp-content\/uploads\/2017\/04\/slide-interior02-300x64.jpg 300w, https:\/\/www.ancorseguros.cl\/ancorseguros\/wp-content\/uploads\/2017\/04\/slide-interior02-768x165.jpg 768w, https:\/\/www.ancorseguros.cl\/ancorseguros\/wp-content\/uploads\/2017\/04\/slide-interior02-1024x219.jpg 1024w\" sizes=\"(max-width: 1400px) 100vw, 1400px\" \/><\/div><div class=\"ls-slide\" data-ls=\"duration:2000;kenburnsscale:1.2;\"><img width=\"1400\" height=\"300\" src=\"https:\/\/www.ancorseguros.cl\/ancorseguros\/wp-content\/uploads\/2017\/04\/slide-interior03.jpg\" class=\"ls-bg\" alt=\"\" loading=\"lazy\" srcset=\"https:\/\/www.ancorseguros.cl\/ancorseguros\/wp-content\/uploads\/2017\/04\/slide-interior03.jpg 1400w, https:\/\/www.ancorseguros.cl\/ancorseguros\/wp-content\/uploads\/2017\/04\/slide-interior03-300x64.jpg 300w, https:\/\/www.ancorseguros.cl\/ancorseguros\/wp-content\/uploads\/2017\/04\/slide-interior03-768x165.jpg 768w, https:\/\/www.ancorseguros.cl\/ancorseguros\/wp-content\/uploads\/2017\/04\/slide-interior03-1024x219.jpg 1024w\" sizes=\"(max-width: 1400px) 100vw, 1400px\" \/><\/div><div class=\"ls-slide\" data-ls=\"duration:2000;transition2d:74;transitionduration:0;kenburnsscale:1.2;\"><img width=\"1400\" height=\"300\" src=\"https:\/\/www.ancorseguros.cl\/ancorseguros\/wp-content\/uploads\/2017\/04\/slide-interior01.jpg\" class=\"ls-bg\" alt=\"somos 100% seguros\" loading=\"lazy\" srcset=\"https:\/\/www.ancorseguros.cl\/ancorseguros\/wp-content\/uploads\/2017\/04\/slide-interior01.jpg 1400w, https:\/\/www.ancorseguros.cl\/ancorseguros\/wp-content\/uploads\/2017\/04\/slide-interior01-300x64.jpg 300w, https:\/\/www.ancorseguros.cl\/ancorseguros\/wp-content\/uploads\/2017\/04\/slide-interior01-768x165.jpg 768w, https:\/\/www.ancorseguros.cl\/ancorseguros\/wp-content\/uploads\/2017\/04\/slide-interior01-1024x219.jpg 1024w\" sizes=\"(max-width: 1400px) 100vw, 1400px\" \/><\/div><\/div>\n<h1><span style=\"color: #800080;\"><strong>Seguro Transporte<\/strong><\/span><\/h1>\n<p><strong>Coberturas Amplias<\/strong><\/p>\n<p>Cubre las perdidas o da\u00f1os f\u00edsicos a la carga o mercader\u00eda asegurada, producido por cualquier causa extrema, seg\u00fan las siguientes coberturas:<\/p>\n<ul>\n<li>P\u00f3liza de transporte mar\u00edtimo para carga \u00abA\u00bb<\/li>\n<li>P\u00f3liza para alimentos congelados \u00abA\u00bb (Excluyendo carne congelada) P\u00f3liza chilena para mercanc\u00edas \u00abAvi\u00f3n\u00bb (Excluyendo env\u00edos hechos por correo)<\/li>\n<li>P\u00f3lizas de transporte terrestre \u00abCarga\u00bb todo riesgo para tr\u00e1ficos transaccionales.<\/li>\n<li>P\u00f3liza de transporte terrestre \u00abCarga\u00bb todo riesgo dentro del territorio de la rep\u00fablica de Chile.<\/li>\n<li>Incendio o explosi\u00f3n<\/li>\n<li>Que la nave o embarcaci\u00f3n encalle, vare, se hunda o vuelque.<\/li>\n<li>Volcamiento o descarrilamiento del medio de transporte con cualquier objeto externo que no sea agua.<\/li>\n<li>Descarga del cargamento en un puerto de arribada forzosa, si esta es legitima.<\/li>\n<li>Perdida o da\u00f1o a la materia asegurada causado por:\n<ul>\n<li>Sacrificio de aver\u00eda gruesa<\/li>\n<li>Echaz\u00f3n<\/li>\n<\/ul>\n<\/li>\n<li>P\u00f3liza de transporte mar\u00edtimo para carga \u00abC\u00bb.<\/li>\n<li>P\u00f3liza para alimentos congelados \u00abC\u00bb (excluyendo carne congelada) P\u00f3liza chilena para mercanc\u00edas<\/li>\n<li>\u00abAvi\u00f3n\u00bb condiciones restringidas.<\/li>\n<li>P\u00f3liza de transporte terrestre \u00abCarga\u00bb condiciones restringidas.<\/li>\n<\/ul>\n<p><strong>Coberturas Adicionales<\/strong><\/p>\n<ul>\n<li>Guerra y Huelga<\/li>\n<li>Transbordo<\/li>\n<li>Estad\u00eda en aduana<\/li>\n<\/ul>\n<p><strong>Otras coberturas<\/strong><\/p>\n<ul>\n<li>P\u00f3liza de transporte mar\u00edtimo para l\u00edquidos a granel.<\/li>\n<\/ul>\n","protected":false},"excerpt":{"rendered":"<p>Seguro Transporte Coberturas Amplias Cubre las perdidas o da\u00f1os f\u00edsicos a la carga o mercader\u00eda asegurada, producido por cualquier causa extrema, seg\u00fan las siguientes coberturas: P\u00f3liza de transporte mar\u00edtimo para carga \u00abA\u00bb P\u00f3liza para alimentos congelados \u00abA\u00bb (Excluyendo carne congelada) P\u00f3liza chilena para mercanc\u00edas \u00abAvi\u00f3n\u00bb (Excluyendo env\u00edos hechos por correo) P\u00f3lizas de transporte terrestre \u00abCarga\u00bb [&hellip;]<\/p>\n","protected":false},"author":1,"featured_media":0,"parent":0,"menu_order":0,"comment_status":"closed","ping_status":"closed","template":"","meta":[],"_links":{"self":[{"href":"https:\/\/www.ancorseguros.cl\/ancorseguros\/wp-json\/wp\/v2\/pages\/122"}],"collection":[{"href":"https:\/\/www.ancorseguros.cl\/ancorseguros\/wp-json\/wp\/v2\/pages"}],"about":[{"href":"https:\/\/www.ancorseguros.cl\/ancorseguros\/wp-json\/wp\/v2\/types\/page"}],"author":[{"embeddable":true,"href":"https:\/\/www.ancorseguros.cl\/ancorseguros\/wp-json\/wp\/v2\/users\/1"}],"replies":[{"embeddable":true,"href":"https:\/\/www.ancorseguros.cl\/ancorseguros\/wp-json\/wp\/v2\/comments?post=122"}],"version-history":[{"count":5,"href":"https:\/\/www.ancorseguros.cl\/ancorseguros\/wp-json\/wp\/v2\/pages\/122\/revisions"}],"predecessor-version":[{"id":285,"href":"https:\/\/www.ancorseguros.cl\/ancorseguros\/wp-json\/wp\/v2\/pages\/122\/revisions\/285"}],"wp:attachment":[{"href":"https:\/\/www.ancorseguros.cl\/ancorseguros\/wp-json\/wp\/v2\/media?parent=122"}],"curies":[{"name":"wp","href":"https:\/\/api.w.org\/{rel}","templated":true}]}}