{"id":18,"date":"2017-03-27T21:37:10","date_gmt":"2017-03-27T21:37:10","guid":{"rendered":"http:\/\/www.ancorseguros.cl\/ancorseguros\/?page_id=18"},"modified":"2021-07-06T18:28:54","modified_gmt":"2021-07-06T22:28:54","slug":"quienes-somos","status":"publish","type":"page","link":"https:\/\/www.ancorseguros.cl\/ancorseguros\/quienes-somos\/","title":{"rendered":"Quienes Somos"},"content":{"rendered":"<script data-cfasync=\"false\" type=\"text\/javascript\">var lsjQuery = jQuery;<\/script><script data-cfasync=\"false\" type=\"text\/javascript\">\r\nlsjQuery(document).ready(function() {\r\nif(typeof lsjQuery.fn.layerSlider == \"undefined\") {\r\nif( window._layerSlider && window._layerSlider.showNotice) { \r\nwindow._layerSlider.showNotice('layerslider_7','jquery');\r\n}\r\n} else {\r\nlsjQuery(\"#layerslider_7\").layerSlider({sliderVersion: '6.1.6', navStartStop: false, navButtons: false, showCircleTimer: false, skinsPath: 'https:\/\/www.ancorseguros.cl\/ancorseguros\/wp-content\/plugins\/LayerSlider\/static\/layerslider\/skins\/'});\r\n}\r\n});\r\n<\/script><div id=\"layerslider_7\" class=\"ls-wp-container fitvidsignore\" style=\"width:1280px;height:300px;margin:0 auto;margin-bottom: 0px;\"><div class=\"ls-slide\" data-ls=\"duration:1000;kenburnsscale:1.2;\"><img width=\"1400\" height=\"300\" src=\"https:\/\/www.ancorseguros.cl\/ancorseguros\/wp-content\/uploads\/2017\/04\/slide-interior06.jpg\" class=\"ls-bg\" alt=\"seguro civil\" loading=\"lazy\" srcset=\"https:\/\/www.ancorseguros.cl\/ancorseguros\/wp-content\/uploads\/2017\/04\/slide-interior06.jpg 1400w, https:\/\/www.ancorseguros.cl\/ancorseguros\/wp-content\/uploads\/2017\/04\/slide-interior06-300x64.jpg 300w, https:\/\/www.ancorseguros.cl\/ancorseguros\/wp-content\/uploads\/2017\/04\/slide-interior06-768x165.jpg 768w, https:\/\/www.ancorseguros.cl\/ancorseguros\/wp-content\/uploads\/2017\/04\/slide-interior06-1024x219.jpg 1024w\" sizes=\"(max-width: 1400px) 100vw, 1400px\" \/><\/div><div class=\"ls-slide\" data-ls=\"duration:1000;kenburnsscale:1.2;\"><img width=\"1400\" height=\"300\" src=\"https:\/\/www.ancorseguros.cl\/ancorseguros\/wp-content\/uploads\/2017\/04\/slide-interior01.jpg\" class=\"ls-bg\" alt=\"somos 100% seguros\" loading=\"lazy\" srcset=\"https:\/\/www.ancorseguros.cl\/ancorseguros\/wp-content\/uploads\/2017\/04\/slide-interior01.jpg 1400w, https:\/\/www.ancorseguros.cl\/ancorseguros\/wp-content\/uploads\/2017\/04\/slide-interior01-300x64.jpg 300w, https:\/\/www.ancorseguros.cl\/ancorseguros\/wp-content\/uploads\/2017\/04\/slide-interior01-768x165.jpg 768w, https:\/\/www.ancorseguros.cl\/ancorseguros\/wp-content\/uploads\/2017\/04\/slide-interior01-1024x219.jpg 1024w\" sizes=\"(max-width: 1400px) 100vw, 1400px\" \/><\/div><div class=\"ls-slide\" data-ls=\"duration:1000;kenburnsscale:1.2;\"><img width=\"1400\" height=\"300\" src=\"https:\/\/www.ancorseguros.cl\/ancorseguros\/wp-content\/uploads\/2017\/04\/slide-interior11.jpg\" class=\"ls-bg\" alt=\"seguro vehicular\" loading=\"lazy\" srcset=\"https:\/\/www.ancorseguros.cl\/ancorseguros\/wp-content\/uploads\/2017\/04\/slide-interior11.jpg 1400w, https:\/\/www.ancorseguros.cl\/ancorseguros\/wp-content\/uploads\/2017\/04\/slide-interior11-300x64.jpg 300w, https:\/\/www.ancorseguros.cl\/ancorseguros\/wp-content\/uploads\/2017\/04\/slide-interior11-768x165.jpg 768w, https:\/\/www.ancorseguros.cl\/ancorseguros\/wp-content\/uploads\/2017\/04\/slide-interior11-1024x219.jpg 1024w\" sizes=\"(max-width: 1400px) 100vw, 1400px\" \/><\/div><\/div>\n<h1><span style=\"color: #800080;\"><strong>Ancor Seguros<\/strong><\/span><\/h1>\n<p>Corredora de Seguros, establecida en 1989 en el rubro del corretaje y con nombramiento N\u00ba3607 del 11 de Noviembre de 1988, en el Registro de la Superintendencia de Valores y Seguros.<\/p>\n<ul>\n<li><span style=\"color: #800080;\">Beneficios al contratar un Seguro intermediado por Ancor Seguros:<br \/>\n<\/span><\/p>\n<ul>\n<li>Su misi\u00f3n es intermediar entre las Compa\u00f1\u00edas y los tomadores de Seguros como gu\u00edas especializados en medio del complejo mundo de la oferta y la demanda.<\/li>\n<li>Es un asesor imparcial e independiente de cuyos conocimientos y servicios se beneficia el asegurado.<\/li>\n<li>Selecciona las soluciones m\u00e1s eficaces informando las condiciones que a su juicio conviene suscribir, cual es la cobertura m\u00e1s id\u00f3nea en cada caso.<\/li>\n<li>Gestiona todos los tr\u00e1mites relacionados con su seguro, y en caso de siniestro presta igualmente su asistencia y asesoramiento en favor del asegurado.<\/li>\n<li>Posee p\u00f3liza de Garant\u00eda y Responsabilidad Civil, que respaldan su gesti\u00f3n.<\/li>\n<li>Le permite seleccionar el Producto que mejor se adapte a las necesidades de su cliente, consiguiendo la oferta id\u00f3nea conforme a las condiciones calidad \/ precio m\u00e1s ventajosa.<\/li>\n<li>Servicio Personalizado, garantiza un trato directo y personal con el cliente.<\/li>\n<\/ul>\n<\/li>\n<\/ul>\n<p><span style=\"color: #800080;\">Cont\u00e1ctenos y con\u00f3zcanos:<\/span><br \/>\nLl\u00e1menos a los tel\u00e9fonos <strong><span style=\"color: #800080;\">(56) 22 638 0211 &#8211; 22 633 3094<\/span><\/strong><\/p>\n","protected":false},"excerpt":{"rendered":"<p>Ancor Seguros Corredora de Seguros, establecida en 1989 en el rubro del corretaje y con nombramiento N\u00ba3607 del 11 de Noviembre de 1988, en el Registro de la Superintendencia de Valores y Seguros. Beneficios al contratar un Seguro intermediado por Ancor Seguros: Su misi\u00f3n es intermediar entre las Compa\u00f1\u00edas y los tomadores de Seguros como [&hellip;]<\/p>\n","protected":false},"author":1,"featured_media":0,"parent":0,"menu_order":0,"comment_status":"closed","ping_status":"closed","template":"","meta":[],"_links":{"self":[{"href":"https:\/\/www.ancorseguros.cl\/ancorseguros\/wp-json\/wp\/v2\/pages\/18"}],"collection":[{"href":"https:\/\/www.ancorseguros.cl\/ancorseguros\/wp-json\/wp\/v2\/pages"}],"about":[{"href":"https:\/\/www.ancorseguros.cl\/ancorseguros\/wp-json\/wp\/v2\/types\/page"}],"author":[{"embeddable":true,"href":"https:\/\/www.ancorseguros.cl\/ancorseguros\/wp-json\/wp\/v2\/users\/1"}],"replies":[{"embeddable":true,"href":"https:\/\/www.ancorseguros.cl\/ancorseguros\/wp-json\/wp\/v2\/comments?post=18"}],"version-history":[{"count":8,"href":"https:\/\/www.ancorseguros.cl\/ancorseguros\/wp-json\/wp\/v2\/pages\/18\/revisions"}],"predecessor-version":[{"id":451,"href":"https:\/\/www.ancorseguros.cl\/ancorseguros\/wp-json\/wp\/v2\/pages\/18\/revisions\/451"}],"wp:attachment":[{"href":"https:\/\/www.ancorseguros.cl\/ancorseguros\/wp-json\/wp\/v2\/media?parent=18"}],"curies":[{"name":"wp","href":"https:\/\/api.w.org\/{rel}","templated":true}]}}