{"id":70,"date":"2017-03-28T21:54:17","date_gmt":"2017-03-28T21:54:17","guid":{"rendered":"http:\/\/www.ancorseguros.cl\/ancorseguros\/?page_id=70"},"modified":"2017-09-05T22:30:16","modified_gmt":"2017-09-06T01:30:16","slug":"vehiculos","status":"publish","type":"page","link":"https:\/\/www.ancorseguros.cl\/ancorseguros\/vehiculos\/","title":{"rendered":"Veh\u00edculos Livianos"},"content":{"rendered":"<script data-cfasync=\"false\" type=\"text\/javascript\">var lsjQuery = jQuery;<\/script><script data-cfasync=\"false\" type=\"text\/javascript\">\r\nlsjQuery(document).ready(function() {\r\nif(typeof lsjQuery.fn.layerSlider == \"undefined\") {\r\nif( window._layerSlider && window._layerSlider.showNotice) { \r\nwindow._layerSlider.showNotice('layerslider_6','jquery');\r\n}\r\n} else {\r\nlsjQuery(\"#layerslider_6\").layerSlider({sliderVersion: '6.1.6', navPrevNext: false, navStartStop: false, showCircleTimer: false, skinsPath: 'https:\/\/www.ancorseguros.cl\/ancorseguros\/wp-content\/plugins\/LayerSlider\/static\/layerslider\/skins\/'});\r\n}\r\n});\r\n<\/script><div id=\"layerslider_6\" class=\"ls-wp-container fitvidsignore\" style=\"width:1280px;height:300px;margin:0 auto;margin-bottom: 0px;\"><div class=\"ls-slide\" data-ls=\"duration:6000;kenburnsscale:1.2;\"><img width=\"1400\" height=\"300\" src=\"https:\/\/www.ancorseguros.cl\/ancorseguros\/wp-content\/uploads\/2017\/04\/slide-interior01.jpg\" class=\"ls-bg\" alt=\"somos 100% seguros\" loading=\"lazy\" srcset=\"https:\/\/www.ancorseguros.cl\/ancorseguros\/wp-content\/uploads\/2017\/04\/slide-interior01.jpg 1400w, https:\/\/www.ancorseguros.cl\/ancorseguros\/wp-content\/uploads\/2017\/04\/slide-interior01-300x64.jpg 300w, https:\/\/www.ancorseguros.cl\/ancorseguros\/wp-content\/uploads\/2017\/04\/slide-interior01-768x165.jpg 768w, https:\/\/www.ancorseguros.cl\/ancorseguros\/wp-content\/uploads\/2017\/04\/slide-interior01-1024x219.jpg 1024w\" sizes=\"(max-width: 1400px) 100vw, 1400px\" \/><\/div><div class=\"ls-slide\" data-ls=\"duration:6000;kenburnsscale:1.2;\"><img width=\"1400\" height=\"300\" src=\"https:\/\/www.ancorseguros.cl\/ancorseguros\/wp-content\/uploads\/2017\/04\/slide-interior12.jpg\" class=\"ls-bg\" alt=\"\" loading=\"lazy\" srcset=\"https:\/\/www.ancorseguros.cl\/ancorseguros\/wp-content\/uploads\/2017\/04\/slide-interior12.jpg 1400w, https:\/\/www.ancorseguros.cl\/ancorseguros\/wp-content\/uploads\/2017\/04\/slide-interior12-300x64.jpg 300w, https:\/\/www.ancorseguros.cl\/ancorseguros\/wp-content\/uploads\/2017\/04\/slide-interior12-768x165.jpg 768w, https:\/\/www.ancorseguros.cl\/ancorseguros\/wp-content\/uploads\/2017\/04\/slide-interior12-1024x219.jpg 1024w\" sizes=\"(max-width: 1400px) 100vw, 1400px\" \/><\/div><div class=\"ls-slide\" data-ls=\"duration:6000;kenburnsscale:1.2;\"><img width=\"1400\" height=\"300\" src=\"https:\/\/www.ancorseguros.cl\/ancorseguros\/wp-content\/uploads\/2017\/04\/slide-interior11.jpg\" class=\"ls-bg\" alt=\"seguro vehicular\" loading=\"lazy\" srcset=\"https:\/\/www.ancorseguros.cl\/ancorseguros\/wp-content\/uploads\/2017\/04\/slide-interior11.jpg 1400w, https:\/\/www.ancorseguros.cl\/ancorseguros\/wp-content\/uploads\/2017\/04\/slide-interior11-300x64.jpg 300w, https:\/\/www.ancorseguros.cl\/ancorseguros\/wp-content\/uploads\/2017\/04\/slide-interior11-768x165.jpg 768w, https:\/\/www.ancorseguros.cl\/ancorseguros\/wp-content\/uploads\/2017\/04\/slide-interior11-1024x219.jpg 1024w\" sizes=\"(max-width: 1400px) 100vw, 1400px\" \/><div style=\"top:10px;left:10px;text-align:initial;font-weight:400;font-style:normal;text-decoration:none;wordwrap:false;opacity:1;\" class=\"ls-l\" data-ls=\"durationin:4500;\"><\/div><\/div><\/div>\n<h1><span style=\"color: #800080;\"><strong><img loading=\"lazy\" class=\"alignnone wp-image-287\" src=\"http:\/\/www.ancorseguros.cl\/ancorseguros\/wp-content\/uploads\/2017\/03\/vehiculo-particular2-300x168.jpg\" alt=\"seguro Vehiculos particulares\" width=\"85\" height=\"49\" srcset=\"https:\/\/www.ancorseguros.cl\/ancorseguros\/wp-content\/uploads\/2017\/03\/vehiculo-particular2-300x168.jpg 300w, https:\/\/www.ancorseguros.cl\/ancorseguros\/wp-content\/uploads\/2017\/03\/vehiculo-particular2.jpg 483w\" sizes=\"(max-width: 85px) 100vw, 85px\" \/>Seguro Veh\u00edculos Particulares<\/strong><\/span><\/h1>\n<p><strong>Coberturas:<\/strong><\/p>\n<ul>\n<li>Da\u00f1os Propios, valor comercial<\/li>\n<li>Robo, hurto o uso no autorizado<\/li>\n<li>Responsabilidad civil subsecci\u00f3n da\u00f1o emergente UF 500.<\/li>\n<li>Responsabilidad civil subsecci\u00f3n da\u00f1o moral UF 500.<\/li>\n<li>Responsabilidad civil subsecci\u00f3n lucro cesante UF 500.<\/li>\n<li>Robo de accesorios, Deducible UF 3.- (10% del valor comercial)<\/li>\n<li>Da\u00f1os causados por huelga. * Da\u00f1os causados por terrorismo<\/li>\n<li>Da\u00f1os causados por actos maliciosos * Da\u00f1os causados por riesgos de la naturaleza.<\/li>\n<li>Da\u00f1os causados por granizo.<\/li>\n<li>Da\u00f1os causados por sismo.<\/li>\n<\/ul>\n<p><strong>Coberturas Opcionales:<\/strong><\/p>\n<ul>\n<li>Defensa penal hasta UF 50.<\/li>\n<li>Da\u00f1os materiales por la propia carga.<\/li>\n<li>Da\u00f1os a terceros por la propia carga.<\/li>\n<li>Ruta asistencia POL 1 94 016<\/li>\n<li>Asiento de Pasajeros (Limitado a la capacidad t\u00e9cnica del veh\u00edculo, hasta 5 pasajeros)<\/li>\n<li>Plan A UF 100<\/li>\n<li>Plan B UF 100<\/li>\n<li>Autoreemplazo<\/li>\n<li>Da\u00f1os al veh\u00edculo durante Viaje al Extranjero<\/li>\n<li>Exceso de Responsabilidad Civil<\/li>\n<\/ul>\n<p>&nbsp;<\/p>\n<p>&nbsp;<\/p>\n<h1><strong><span style=\"color: #800080;\"><img loading=\"lazy\" class=\"alignnone wp-image-288\" src=\"http:\/\/www.ancorseguros.cl\/ancorseguros\/wp-content\/uploads\/2017\/03\/vehiculo-comercial2-300x168.jpg\" alt=\"Seguro vehiculos comerciales\" width=\"86\" height=\"50\" \/>Seguro Veh\u00edculos\u00a0Comerciales<\/span><\/strong><\/h1>\n<p><strong>Coberturas:<\/strong><\/p>\n<ul>\n<li>Da\u00f1os Propios<\/li>\n<li>Perdida Total<\/li>\n<li>Robo, hurto y uso no autorizado<\/li>\n<li>Robo Accesorio 10% valor comercial con tope UF 50<\/li>\n<li>RC Comprensiva UF 700<\/li>\n<li>Huelga y Terrorismo<\/li>\n<li>Actos Maliciosos<\/li>\n<li>Riesgos de la naturaleza<\/li>\n<li>Da\u00f1os por Sismo<\/li>\n<li>Da\u00f1os por Granizo<\/li>\n<li>Asiento pasajero<\/li>\n<li>Defensa penal limite UF 50<\/li>\n<li>Asistencia en ruta<\/li>\n<li>Da\u00f1os Propios por la carga y por conductor dependiente<\/li>\n<\/ul>\n<p>&nbsp;<\/p>\n<p><strong>Coberturas opcionales:<\/strong><\/p>\n<ul>\n<li>Da\u00f1os a terceros por la carga y por conductor dependiente<\/li>\n<li>Da\u00f1os al veh\u00edculo durante viaje al extranjero (CAD 192129)<\/li>\n<li>RC 1800 Exceso UF 700<\/li>\n<li>RC 4300 Exceso UF 700<\/li>\n<\/ul>\n","protected":false},"excerpt":{"rendered":"<p>Seguro Veh\u00edculos Particulares Coberturas: Da\u00f1os Propios, valor comercial Robo, hurto o uso no autorizado Responsabilidad civil subsecci\u00f3n da\u00f1o emergente UF 500. Responsabilidad civil subsecci\u00f3n da\u00f1o moral UF 500. Responsabilidad civil subsecci\u00f3n lucro cesante UF 500. Robo de accesorios, Deducible UF 3.- (10% del valor comercial) Da\u00f1os causados por huelga. * Da\u00f1os causados por terrorismo Da\u00f1os [&hellip;]<\/p>\n","protected":false},"author":1,"featured_media":0,"parent":0,"menu_order":0,"comment_status":"closed","ping_status":"closed","template":"","meta":[],"_links":{"self":[{"href":"https:\/\/www.ancorseguros.cl\/ancorseguros\/wp-json\/wp\/v2\/pages\/70"}],"collection":[{"href":"https:\/\/www.ancorseguros.cl\/ancorseguros\/wp-json\/wp\/v2\/pages"}],"about":[{"href":"https:\/\/www.ancorseguros.cl\/ancorseguros\/wp-json\/wp\/v2\/types\/page"}],"author":[{"embeddable":true,"href":"https:\/\/www.ancorseguros.cl\/ancorseguros\/wp-json\/wp\/v2\/users\/1"}],"replies":[{"embeddable":true,"href":"https:\/\/www.ancorseguros.cl\/ancorseguros\/wp-json\/wp\/v2\/comments?post=70"}],"version-history":[{"count":9,"href":"https:\/\/www.ancorseguros.cl\/ancorseguros\/wp-json\/wp\/v2\/pages\/70\/revisions"}],"predecessor-version":[{"id":312,"href":"https:\/\/www.ancorseguros.cl\/ancorseguros\/wp-json\/wp\/v2\/pages\/70\/revisions\/312"}],"wp:attachment":[{"href":"https:\/\/www.ancorseguros.cl\/ancorseguros\/wp-json\/wp\/v2\/media?parent=70"}],"curies":[{"name":"wp","href":"https:\/\/api.w.org\/{rel}","templated":true}]}}