{"id":77,"date":"2017-03-28T22:00:27","date_gmt":"2017-03-28T22:00:27","guid":{"rendered":"http:\/\/www.ancorseguros.cl\/ancorseguros\/?page_id=77"},"modified":"2017-04-17T21:22:42","modified_gmt":"2017-04-17T21:22:42","slug":"seguros-generales","status":"publish","type":"page","link":"https:\/\/www.ancorseguros.cl\/ancorseguros\/seguros-generales\/","title":{"rendered":"Seguros Generales"},"content":{"rendered":"<script data-cfasync=\"false\" type=\"text\/javascript\">var lsjQuery = jQuery;<\/script><script data-cfasync=\"false\" type=\"text\/javascript\">\r\nlsjQuery(document).ready(function() {\r\nif(typeof lsjQuery.fn.layerSlider == \"undefined\") {\r\nif( window._layerSlider && window._layerSlider.showNotice) { \r\nwindow._layerSlider.showNotice('layerslider_5','jquery');\r\n}\r\n} else {\r\nlsjQuery(\"#layerslider_5\").layerSlider({sliderVersion: '6.1.6', navStartStop: false, navButtons: false, showCircleTimer: false, skinsPath: 'https:\/\/www.ancorseguros.cl\/ancorseguros\/wp-content\/plugins\/LayerSlider\/static\/layerslider\/skins\/'});\r\n}\r\n});\r\n<\/script><div id=\"layerslider_5\" class=\"ls-wp-container fitvidsignore\" style=\"width:1280px;height:300px;margin:0 auto;margin-bottom: 0px;\"><div class=\"ls-slide\" data-ls=\"duration:1000;kenburnsscale:1.2;\"><img width=\"1400\" height=\"300\" src=\"https:\/\/www.ancorseguros.cl\/ancorseguros\/wp-content\/uploads\/2017\/04\/slide-interior09.jpg\" class=\"ls-bg\" alt=\"seguro familiar\" loading=\"lazy\" srcset=\"https:\/\/www.ancorseguros.cl\/ancorseguros\/wp-content\/uploads\/2017\/04\/slide-interior09.jpg 1400w, https:\/\/www.ancorseguros.cl\/ancorseguros\/wp-content\/uploads\/2017\/04\/slide-interior09-300x64.jpg 300w, https:\/\/www.ancorseguros.cl\/ancorseguros\/wp-content\/uploads\/2017\/04\/slide-interior09-768x165.jpg 768w, https:\/\/www.ancorseguros.cl\/ancorseguros\/wp-content\/uploads\/2017\/04\/slide-interior09-1024x219.jpg 1024w\" sizes=\"(max-width: 1400px) 100vw, 1400px\" \/><\/div><div class=\"ls-slide\" data-ls=\"duration:1000;kenburnsscale:1.2;\"><img width=\"1400\" height=\"300\" src=\"https:\/\/www.ancorseguros.cl\/ancorseguros\/wp-content\/uploads\/2017\/04\/slide-interior06.jpg\" class=\"ls-bg\" alt=\"seguro civil\" loading=\"lazy\" srcset=\"https:\/\/www.ancorseguros.cl\/ancorseguros\/wp-content\/uploads\/2017\/04\/slide-interior06.jpg 1400w, https:\/\/www.ancorseguros.cl\/ancorseguros\/wp-content\/uploads\/2017\/04\/slide-interior06-300x64.jpg 300w, https:\/\/www.ancorseguros.cl\/ancorseguros\/wp-content\/uploads\/2017\/04\/slide-interior06-768x165.jpg 768w, https:\/\/www.ancorseguros.cl\/ancorseguros\/wp-content\/uploads\/2017\/04\/slide-interior06-1024x219.jpg 1024w\" sizes=\"(max-width: 1400px) 100vw, 1400px\" \/><\/div><div class=\"ls-slide\" data-ls=\"duration:1000;kenburnsscale:1.2;\"><img width=\"1400\" height=\"300\" src=\"https:\/\/www.ancorseguros.cl\/ancorseguros\/wp-content\/uploads\/2017\/04\/slide-interior01.jpg\" class=\"ls-bg\" alt=\"somos 100% seguros\" loading=\"lazy\" srcset=\"https:\/\/www.ancorseguros.cl\/ancorseguros\/wp-content\/uploads\/2017\/04\/slide-interior01.jpg 1400w, https:\/\/www.ancorseguros.cl\/ancorseguros\/wp-content\/uploads\/2017\/04\/slide-interior01-300x64.jpg 300w, https:\/\/www.ancorseguros.cl\/ancorseguros\/wp-content\/uploads\/2017\/04\/slide-interior01-768x165.jpg 768w, https:\/\/www.ancorseguros.cl\/ancorseguros\/wp-content\/uploads\/2017\/04\/slide-interior01-1024x219.jpg 1024w\" sizes=\"(max-width: 1400px) 100vw, 1400px\" \/><\/div><\/div>\n<h1><span style=\"color: #800080;\"><strong>Ancor Seguros Generales<\/strong><\/span><\/h1>\n<p>&nbsp;<\/p>\n<ul>\n<li><a href=\"http:\/\/www.ancorseguros.cl\/ancorseguros\/vehiculos\/\">Seguro Veh\u00edculos Particulares y Comerciales<\/a><\/li>\n<li><a href=\"http:\/\/www.ancorseguros.cl\/ancorseguros\/camion\/\">Seguro de Cami\u00f3n y Carga<\/a><\/li>\n<li><a href=\"http:\/\/www.ancorseguros.cl\/ancorseguros\/transporte\/\">Seguro de Transporte<\/a><\/li>\n<li><a href=\"http:\/\/www.ancorseguros.cl\/ancorseguros\/electronicos\/\">Seguro Equipos Electr\u00f3nicos<\/a><\/li>\n<li><a href=\"http:\/\/www.ancorseguros.cl\/ancorseguros\/civil\/\">Seguro de Responsabilidad Civil<\/a><\/li>\n<li><a href=\"http:\/\/www.ancorseguros.cl\/ancorseguros\/vida\/\">Seguros de Vida<\/a><\/li>\n<li><a href=\"http:\/\/www.ancorseguros.cl\/ancorseguros\/hogar\/\">Seguro Hogar<\/a><\/li>\n<li><a href=\"http:\/\/www.ancorseguros.cl\/ancorseguros\/condominio\/\">Seguro Condominio<\/a><\/li>\n<li><a href=\"http:\/\/www.ancorseguros.cl\/ancorseguros\/pyme\/\">Seguros para Pymes<\/a><\/li>\n<li><a href=\"http:\/\/www.ancorseguros.cl\/ancorseguros\/garantias\/\">Seguro de Garant\u00edas<\/a><\/li>\n<\/ul>\n","protected":false},"excerpt":{"rendered":"<p>Ancor Seguros Generales &nbsp; Seguro Veh\u00edculos Particulares y Comerciales Seguro de Cami\u00f3n y Carga Seguro de Transporte Seguro Equipos Electr\u00f3nicos Seguro de Responsabilidad Civil Seguros de Vida Seguro Hogar Seguro Condominio Seguros para Pymes Seguro de Garant\u00edas<\/p>\n","protected":false},"author":1,"featured_media":0,"parent":0,"menu_order":0,"comment_status":"closed","ping_status":"closed","template":"","meta":[],"_links":{"self":[{"href":"https:\/\/www.ancorseguros.cl\/ancorseguros\/wp-json\/wp\/v2\/pages\/77"}],"collection":[{"href":"https:\/\/www.ancorseguros.cl\/ancorseguros\/wp-json\/wp\/v2\/pages"}],"about":[{"href":"https:\/\/www.ancorseguros.cl\/ancorseguros\/wp-json\/wp\/v2\/types\/page"}],"author":[{"embeddable":true,"href":"https:\/\/www.ancorseguros.cl\/ancorseguros\/wp-json\/wp\/v2\/users\/1"}],"replies":[{"embeddable":true,"href":"https:\/\/www.ancorseguros.cl\/ancorseguros\/wp-json\/wp\/v2\/comments?post=77"}],"version-history":[{"count":6,"href":"https:\/\/www.ancorseguros.cl\/ancorseguros\/wp-json\/wp\/v2\/pages\/77\/revisions"}],"predecessor-version":[{"id":283,"href":"https:\/\/www.ancorseguros.cl\/ancorseguros\/wp-json\/wp\/v2\/pages\/77\/revisions\/283"}],"wp:attachment":[{"href":"https:\/\/www.ancorseguros.cl\/ancorseguros\/wp-json\/wp\/v2\/media?parent=77"}],"curies":[{"name":"wp","href":"https:\/\/api.w.org\/{rel}","templated":true}]}}