{"id":97,"date":"2017-03-30T00:28:20","date_gmt":"2017-03-30T00:28:20","guid":{"rendered":"http:\/\/www.ancorseguros.cl\/ancorseguros\/?page_id=97"},"modified":"2017-04-17T17:24:50","modified_gmt":"2017-04-17T17:24:50","slug":"civil","status":"publish","type":"page","link":"https:\/\/www.ancorseguros.cl\/ancorseguros\/civil\/","title":{"rendered":"Civil"},"content":{"rendered":"<script data-cfasync=\"false\" type=\"text\/javascript\">var lsjQuery = jQuery;<\/script><script data-cfasync=\"false\" type=\"text\/javascript\">\r\nlsjQuery(document).ready(function() {\r\nif(typeof lsjQuery.fn.layerSlider == \"undefined\") {\r\nif( window._layerSlider && window._layerSlider.showNotice) { \r\nwindow._layerSlider.showNotice('layerslider_5','jquery');\r\n}\r\n} else {\r\nlsjQuery(\"#layerslider_5\").layerSlider({sliderVersion: '6.1.6', navStartStop: false, navButtons: false, showCircleTimer: false, skinsPath: 'https:\/\/www.ancorseguros.cl\/ancorseguros\/wp-content\/plugins\/LayerSlider\/static\/layerslider\/skins\/'});\r\n}\r\n});\r\n<\/script><div id=\"layerslider_5\" class=\"ls-wp-container fitvidsignore\" style=\"width:1280px;height:300px;margin:0 auto;margin-bottom: 0px;\"><div class=\"ls-slide\" data-ls=\"duration:1000;kenburnsscale:1.2;\"><img width=\"1400\" height=\"300\" src=\"https:\/\/www.ancorseguros.cl\/ancorseguros\/wp-content\/uploads\/2017\/04\/slide-interior09.jpg\" class=\"ls-bg\" alt=\"seguro familiar\" loading=\"lazy\" srcset=\"https:\/\/www.ancorseguros.cl\/ancorseguros\/wp-content\/uploads\/2017\/04\/slide-interior09.jpg 1400w, https:\/\/www.ancorseguros.cl\/ancorseguros\/wp-content\/uploads\/2017\/04\/slide-interior09-300x64.jpg 300w, https:\/\/www.ancorseguros.cl\/ancorseguros\/wp-content\/uploads\/2017\/04\/slide-interior09-768x165.jpg 768w, https:\/\/www.ancorseguros.cl\/ancorseguros\/wp-content\/uploads\/2017\/04\/slide-interior09-1024x219.jpg 1024w\" sizes=\"(max-width: 1400px) 100vw, 1400px\" \/><\/div><div class=\"ls-slide\" data-ls=\"duration:1000;kenburnsscale:1.2;\"><img width=\"1400\" height=\"300\" src=\"https:\/\/www.ancorseguros.cl\/ancorseguros\/wp-content\/uploads\/2017\/04\/slide-interior06.jpg\" class=\"ls-bg\" alt=\"seguro civil\" loading=\"lazy\" srcset=\"https:\/\/www.ancorseguros.cl\/ancorseguros\/wp-content\/uploads\/2017\/04\/slide-interior06.jpg 1400w, https:\/\/www.ancorseguros.cl\/ancorseguros\/wp-content\/uploads\/2017\/04\/slide-interior06-300x64.jpg 300w, https:\/\/www.ancorseguros.cl\/ancorseguros\/wp-content\/uploads\/2017\/04\/slide-interior06-768x165.jpg 768w, https:\/\/www.ancorseguros.cl\/ancorseguros\/wp-content\/uploads\/2017\/04\/slide-interior06-1024x219.jpg 1024w\" sizes=\"(max-width: 1400px) 100vw, 1400px\" \/><\/div><div class=\"ls-slide\" data-ls=\"duration:1000;kenburnsscale:1.2;\"><img width=\"1400\" height=\"300\" src=\"https:\/\/www.ancorseguros.cl\/ancorseguros\/wp-content\/uploads\/2017\/04\/slide-interior01.jpg\" class=\"ls-bg\" alt=\"somos 100% seguros\" loading=\"lazy\" srcset=\"https:\/\/www.ancorseguros.cl\/ancorseguros\/wp-content\/uploads\/2017\/04\/slide-interior01.jpg 1400w, https:\/\/www.ancorseguros.cl\/ancorseguros\/wp-content\/uploads\/2017\/04\/slide-interior01-300x64.jpg 300w, https:\/\/www.ancorseguros.cl\/ancorseguros\/wp-content\/uploads\/2017\/04\/slide-interior01-768x165.jpg 768w, https:\/\/www.ancorseguros.cl\/ancorseguros\/wp-content\/uploads\/2017\/04\/slide-interior01-1024x219.jpg 1024w\" sizes=\"(max-width: 1400px) 100vw, 1400px\" \/><\/div><\/div>\n<h1><strong><span style=\"color: #800080;\">Seguro de Responsabilidad Civil<\/span><\/strong><\/h1>\n<p><strong>Definici\u00f3n:<\/strong><br \/>\n<strong>Responsabilidad Civil:<\/strong> se define como la obligaci\u00f3n que tiene toda persona de reparar el da\u00f1o, en virtud del principio \u00abNo causar da\u00f1o ni lesiones a los intereses de los semejantes\u00bb. Diferencia entre Responsabilidad Civil Contractual y Responsabilidad Civil Extracontractual<br \/>\n<strong>Responsabilidad Civil Contractual<\/strong>, corresponde a la reparaci\u00f3n de un da\u00f1o por incumplimiento de contrato.<br \/>\n<strong>Responsabilidad Civil Extracontractual<\/strong>, corresponde a reparar un da\u00f1o por negligencia o culpa a un tercero con el cual no existe una relaci\u00f3n contractual previa. La p\u00f3liza de Responsabilidad Civil EXCLUYE la Responsabilidad Penal y la Responsabilidad Civil Contractual \u00bfQu\u00e9 protege un seguro de Responsabilidad Civil? Protege el patrimonio del asegurado que se pueda ver afectado en virtud de la obligaci\u00f3n de indemnizar a terceros por da\u00f1os y perjuicios.<\/p>\n<p><strong>Materia del Seguro<\/strong><br \/>\nCubre el pago de las indemnizaciones pecunarias de que, con arreglo a los Art\u00edculos pertinentes del C\u00f3digo Civil y con relaci\u00f3n a los riesgos designados en las Condiciones Particulares, pueda resultar civilmente responsable por: La muerte de terceras personas o las lesiones corporales causadas a las mismas (da\u00f1os corporales). Da\u00f1os causados a cosas pertenecientes a terceras personas (da\u00f1os materiales). Gastos de defensa, aun por reclamaciones infundadas.<\/p>\n<p><strong>Principales Coberturas<\/strong><br \/>\nSeg\u00fan Condiciones Generales de la p\u00f3liza de Responsabilidad Civil inscrita en el registro de p\u00f3lizas de la Superintendencia de Valores y Seguros bajo el c\u00f3digo POL 1.91.086. Se pueden incluir adem\u00e1s las siguientes cobertura adicionales:<\/p>\n<ul>\n<li>Responsabilidad civil de cabeza de familia (seg\u00fan CAD 1 91 087).<\/li>\n<li>Responsabilidad civil de producto (seg\u00fan CAD 1 91 089).<\/li>\n<li>Responsabilidad civil de transporte (seg\u00fan CAD 1 91 090).<\/li>\n<li>Responsabilidad civil de empresas para garajes, estaciones de servicio, talleres de carrocer\u00edas (seg\u00fan CAD 1 91 091). Responsabilidad civil de construcci\u00f3n (seg\u00fan CAD 1 91 092).<\/li>\n<li>Responsabilidad civil de propietarios de inmuebles (seg\u00fan CAD 1 91 093).<\/li>\n<li>Responsabilidad civil de empresas para f\u00e1bricas, manufacturas, artesan\u00edas, oficinas o administraciones (seg\u00fan CAD 1 91 094).<\/li>\n<li>Responsabilidad civil patronal (seg\u00fan CAD 1 93 051). Responsabilidad civil cruzada (seg\u00fan CAD 1 93 052).<\/li>\n<\/ul>\n","protected":false},"excerpt":{"rendered":"<p>Seguro de Responsabilidad Civil Definici\u00f3n: Responsabilidad Civil: se define como la obligaci\u00f3n que tiene toda persona de reparar el da\u00f1o, en virtud del principio \u00abNo causar da\u00f1o ni lesiones a los intereses de los semejantes\u00bb. Diferencia entre Responsabilidad Civil Contractual y Responsabilidad Civil Extracontractual Responsabilidad Civil Contractual, corresponde a la reparaci\u00f3n de un da\u00f1o por [&hellip;]<\/p>\n","protected":false},"author":1,"featured_media":0,"parent":0,"menu_order":0,"comment_status":"closed","ping_status":"closed","template":"","meta":[],"_links":{"self":[{"href":"https:\/\/www.ancorseguros.cl\/ancorseguros\/wp-json\/wp\/v2\/pages\/97"}],"collection":[{"href":"https:\/\/www.ancorseguros.cl\/ancorseguros\/wp-json\/wp\/v2\/pages"}],"about":[{"href":"https:\/\/www.ancorseguros.cl\/ancorseguros\/wp-json\/wp\/v2\/types\/page"}],"author":[{"embeddable":true,"href":"https:\/\/www.ancorseguros.cl\/ancorseguros\/wp-json\/wp\/v2\/users\/1"}],"replies":[{"embeddable":true,"href":"https:\/\/www.ancorseguros.cl\/ancorseguros\/wp-json\/wp\/v2\/comments?post=97"}],"version-history":[{"count":5,"href":"https:\/\/www.ancorseguros.cl\/ancorseguros\/wp-json\/wp\/v2\/pages\/97\/revisions"}],"predecessor-version":[{"id":233,"href":"https:\/\/www.ancorseguros.cl\/ancorseguros\/wp-json\/wp\/v2\/pages\/97\/revisions\/233"}],"wp:attachment":[{"href":"https:\/\/www.ancorseguros.cl\/ancorseguros\/wp-json\/wp\/v2\/media?parent=97"}],"curies":[{"name":"wp","href":"https:\/\/api.w.org\/{rel}","templated":true}]}}